{"id":1492,"date":"2014-01-02T20:10:41","date_gmt":"2014-01-02T19:10:41","guid":{"rendered":"https:\/\/cinedetour.it\/?page_id=1492"},"modified":"2016-11-17T12:46:47","modified_gmt":"2016-11-17T11:46:47","slug":"detour-2","status":"publish","type":"page","link":"https:\/\/cinedetour.it\/en\/detour-2\/","title":{"rendered":"Cinebimbi &#038; Cinemamme"},"content":{"rendered":"<p><a href=\"https:\/\/cinedetour.it\/wp-content\/uploads\/2016\/02\/cinebimbi.png\"><img loading=\"lazy\" decoding=\"async\" class=\"aligncenter  wp-image-7591\" src=\"https:\/\/cinedetour.it\/wp-content\/uploads\/2016\/02\/cinebimbi.png\" alt=\"cinebimbi\" width=\"800\" height=\"539\"><\/a><\/p>\n<p style=\"text-align: center;\"><span style=\"font-size: medium;\"><strong>CINEBIMBI<\/strong> \u00e8 la fabbrica dei sogni per i pi\u00f9 piccoli. <\/span><\/p>\n<p style=\"text-align: center;\"><span style=\"font-size: medium;\">Al <strong>CINEBIMBI<\/strong>&nbsp;bambine e bambini posso condividere con i propri amici e coetanei la magia della visione cinematografica. <\/span><\/p>\n<p style=\"text-align: center;\"><span style=\"font-size: medium;\">Detour selezioner\u00e0&nbsp;i migliori titoli dell&#8217;animazione contemporanea e non.<\/span><\/p>\n<p style=\"text-align: center;\">Per loro la merenda \u00e8 offerta al Detour.<\/p>\n<p style=\"text-align: center;\"><span style=\"font-size: medium;\">E per i pap\u00e0&nbsp;e &nbsp;le mamme cinebar, caffetteria video e musica in funzione durante le proiezioni.<\/span><\/p>\n<p style=\"text-align: center;\">***<\/p>\n<p style=\"text-align: center;\"><span style=\"font-size: medium;\">Ideato per la prima volta a Roma dall&#8217;associazione di volontariato Citta&#8217; delle mamme, <strong>CINEMAMME<\/strong>&nbsp;sbarca anche al Detour. <\/span><\/p>\n<p style=\"text-align: center;\"><span style=\"font-size: medium;\">Da mercoled\u00ec 15 gennaio, con cadenza settimanale, alle ore 10:30 il Detour propone i titoli migliori del proprio programma mensile in versione &#8220;baby&#8221;: <\/span><\/p>\n<p style=\"text-align: center;\"><span style=\"font-size: medium;\">luci soffuse, volume adeguato, possibilita&#8217; di accedere in sala con il passeggino, fasciatoio e scalda biberon a disposizione. <\/span><\/p>\n<p style=\"text-align: center;\"><span style=\"font-size: medium;\">Cinebar e caffetteria in funzione per pre e post visione.&nbsp;<\/span><\/p>\n<p style=\"text-align: center;\">***<\/p>\n<p style=\"text-align: center;\"><span style=\"font-size: medium;\">L&#8217;ingresso e&#8217; riservato ai soci DETOUR\/ENAL. I&nbsp;genitori devono sottoscrivere la tessera.<\/span><\/p>\n<p style=\"text-align: center;\"><span style=\"font-size: medium;\">Per ogni tessera si ha diritto ad un ingresso omaggio.<\/span><\/p>\n<p style=\"text-align: center;\"><span style=\"font-size: medium;\">Ingresso alla proiezione 5 euro.<\/span><\/p>\n<p style=\"text-align: center;\"><span style=\"font-size: medium;\">Per info e prenotazioni: cinebimbidetour@gmail.com<\/span><\/p>\n","protected":false},"excerpt":{"rendered":"<p>CINEBIMBI \u00e8 la fabbrica dei sogni per i pi\u00f9 piccoli. Al CINEBIMBI&nbsp;bambine e bambini posso condividere con i propri amici e coetanei la magia della visione cinematografica. Detour selezioner\u00e0&nbsp;i migliori titoli dell&#8217;animazione contemporanea e non. Per loro la merenda \u00e8 offerta al Detour. E per i pap\u00e0&nbsp;e &nbsp;le mamme cinebar, caffetteria video e musica in [&hellip;]<\/p>\n","protected":false},"author":2,"featured_media":7591,"parent":0,"menu_order":0,"comment_status":"closed","ping_status":"closed","template":"","meta":{"pgc_meta":"","ngg_post_thumbnail":0,"footnotes":""},"translation":{"provider":"WPGlobus","version":"2.8.11","language":"en","enabled_languages":["it","en"],"languages":{"it":{"title":true,"content":true,"excerpt":false},"en":{"title":false,"content":false,"excerpt":false}}},"pgc_meta":"","publishpress_future_action":{"enabled":false,"date":"2026-04-22 14:50:21","action":"change-status","newStatus":"draft","terms":[],"taxonomy":""},"_links":{"self":[{"href":"https:\/\/cinedetour.it\/en\/wp-json\/wp\/v2\/pages\/1492"}],"collection":[{"href":"https:\/\/cinedetour.it\/en\/wp-json\/wp\/v2\/pages"}],"about":[{"href":"https:\/\/cinedetour.it\/en\/wp-json\/wp\/v2\/types\/page"}],"author":[{"embeddable":true,"href":"https:\/\/cinedetour.it\/en\/wp-json\/wp\/v2\/users\/2"}],"replies":[{"embeddable":true,"href":"https:\/\/cinedetour.it\/en\/wp-json\/wp\/v2\/comments?post=1492"}],"version-history":[{"count":17,"href":"https:\/\/cinedetour.it\/en\/wp-json\/wp\/v2\/pages\/1492\/revisions"}],"predecessor-version":[{"id":9679,"href":"https:\/\/cinedetour.it\/en\/wp-json\/wp\/v2\/pages\/1492\/revisions\/9679"}],"wp:featuredmedia":[{"embeddable":true,"href":"https:\/\/cinedetour.it\/en\/wp-json\/wp\/v2\/media\/7591"}],"wp:attachment":[{"href":"https:\/\/cinedetour.it\/en\/wp-json\/wp\/v2\/media?parent=1492"}],"curies":[{"name":"wp","href":"https:\/\/api.w.org\/{rel}","templated":true}]}}