{"id":18151,"date":"2021-04-21T12:46:39","date_gmt":"2021-04-21T11:46:39","guid":{"rendered":"https:\/\/cinedetour.it\/?page_id=18151"},"modified":"2021-04-21T13:10:30","modified_gmt":"2021-04-21T12:10:30","slug":"5x1000","status":"publish","type":"page","link":"https:\/\/cinedetour.it\/en\/5x1000\/","title":{"rendered":"5&#215;1000"},"content":{"rendered":"<p style=\"text-align: center;\"><span style=\"font-size: 14pt; font-family: 'trebuchet ms', geneva, sans-serif;\"><strong>Per destinare il proprio 5X1000 al DETOUR <br \/>\nbasta inserire il codice fiscale dell&#8217;associazione: 96331750586<\/strong><\/span><\/p>\n<p style=\"text-align: center;\"><span style=\"font-size: 14pt; font-family: 'trebuchet ms', geneva, sans-serif;\"><strong>Il campo da compilare sulla vostra dichiarazione dei redditi \u00e8 il primo,<br \/>\nquello relativo alle associazioni di volontariato e onlus.<\/strong><\/span><\/p>\n<p><a href=\"https:\/\/cinedetour.it\/wp-content\/uploads\/2021\/03\/5x1000-detour-senza-barriere.png\"><img loading=\"lazy\" decoding=\"async\" class=\"aligncenter size-large wp-image-18021\" src=\"https:\/\/cinedetour.it\/wp-content\/uploads\/2021\/03\/5x1000-detour-senza-barriere-1024x535.png\" alt=\"\" width=\"670\" height=\"350\" srcset=\"https:\/\/cinedetour.it\/wp-content\/uploads\/2021\/03\/5x1000-detour-senza-barriere-1024x535.png 1024w, https:\/\/cinedetour.it\/wp-content\/uploads\/2021\/03\/5x1000-detour-senza-barriere-300x157.png 300w, https:\/\/cinedetour.it\/wp-content\/uploads\/2021\/03\/5x1000-detour-senza-barriere-768x402.png 768w, https:\/\/cinedetour.it\/wp-content\/uploads\/2021\/03\/5x1000-detour-senza-barriere-1536x803.png 1536w, https:\/\/cinedetour.it\/wp-content\/uploads\/2021\/03\/5x1000-detour-senza-barriere-2048x1071.png 2048w\" sizes=\"(max-width: 670px) 100vw, 670px\" \/><\/a><\/p>\n<p style=\"text-align: center;\"><span style=\"font-size: 8pt;\"><em><span style=\"font-family: 'trebuchet ms', geneva, sans-serif;\">Illustrazione di Cristina Nist. Alcuni dei personaggi sono tratti dalle illustrazioni realizzate in precedenza per Orientalia Editrice.<\/span><\/em><\/span><\/p>\n<p>&nbsp;<\/p>\n<p style=\"text-align: justify;\"><span style=\"font-size: 10pt; font-family: 'trebuchet ms', geneva, sans-serif;\">Detour \u00e8 stato riconosciuto da anni ente di promozione sociale, grazie alla sua storia ventennale di diffusione della cultura cinematografica e ai numerosi progetti socio-culturali inclusivi che abbiamo attivato e sostenuto nel corso degli anni, finalizzati all\u2019abbattimento totale delle barriere culturali e architettoniche. <\/span><\/p>\n<p style=\"text-align: justify;\"><span style=\"font-size: 10pt; font-family: 'trebuchet ms', geneva, sans-serif;\">Il luogo del cinema assume il significato di arte accessibile, di arte che scende dal piedistallo dell\u2019ottica commerciale della distribuzione per avvicinarsi alle persone, e annullare ogni tipo di stereotipo. <\/span><\/p>\n<p style=\"text-align: justify;\"><span style=\"font-size: 10pt; font-family: 'trebuchet ms', geneva, sans-serif;\">Detour \u00e8 portato avanti da soci volontari motivati dalla volont\u00e0 di condividere la propria passione per il cinema e l&#8217;arte, dalla possibilit\u00e0 di aprire e democratizzare l\u2019esperienza creativa rendendola accessibile a tutti: bambini e&nbsp;studenti,&nbsp;cittadini socialmente svantaggiati, diversamente abili, migranti, ecc.<\/span><\/p>\n<p style=\"text-align: justify;\"><span style=\"font-size: 10pt; font-family: 'trebuchet ms', geneva, sans-serif;\">Parallelamente all&#8217;attivit\u00e0 prevalente di diffusione del cinema indipendente di qualit\u00e0, l\u2019associazione, si occupa dal 2005 di promuovere e organizzare corsi di alfabetizzazione cinematografica rivolti a studenti (progetti Piccoli Filmaker e Roaming Rome con il contributo del Comune di Roma), a categorie di cittadini svantaggiati e a&nbsp;persone diversamente abili (Ragazzinvisibili.doc con il contributo della Regione Lazio, Lo sguardo degli Aspie &#8211; Ragazzi con Sindrome di Asperger, rassegne di cinema commentato per non vedenti, ecc.).<\/span><\/p>\n<div class=\"page\" title=\"Page 1\">\n<div class=\"layoutArea\">\n<div class=\"column\">\n<p style=\"text-align: justify;\"><span style=\"font-size: 10pt; font-family: 'trebuchet ms', geneva, sans-serif;\">Detour \u00e8 attivo nella produzione di laboratori di documentario sociale partecipativo a basso budget. Tra gli audiovisivi realizzati, Arriva la Banda!, co-prodotto dalla cooperativa sociale integrata Cotrad Onlus, girato con la collaborazione e la partecipazione di giovani diversamente abili, \u00e8 stato premiato come miglior cortometraggio 2006 nel al Rdc Awards \/ Festival Tertio Millennio ed ha ricevuto la menzione speciale al festival Nickelodeon di Spoleto. Il corto Black Out, realizzato nell\u2019ambito del laboratorio Giovani Filmaker \u00e8 stato selezionato alla Festa del Cinema di Roma nella sezione Alice nella Citt\u00e0.<\/span><\/p>\n<p style=\"text-align: justify;\"><span style=\"font-size: 10pt; font-family: 'trebuchet ms', geneva, sans-serif;\">Detour ha collaborato e collabora attivamente con organizzazioni non governative, cooperative, onlus e associazioni del volontariato tra cui SAVE THE CHILDREN, AMNESTY INTERNATIONAL, RE.COMMON, ASSOCIAZIONE ASPERGER, ASSOCIAZIONE ITALIANA PERSONE DOWN, UNIONE ITALIANA CIECHI E IPOVEDENTI, Coop COTRAD Onlus, ass. CINEMAMME, ecc.<\/span><\/p>\n<p><a href=\"https:\/\/cinedetour.it\/wp-content\/uploads\/2015\/05\/accaparlante_detour.pdf\" target=\"_blank\" rel=\"noopener\"><span style=\"font-size: 10pt;\"><strong><span style=\"font-family: 'trebuchet ms', geneva, sans-serif;\">Sul grande schermo<\/span><\/strong><span style=\"font-family: 'trebuchet ms', geneva, sans-serif;\"> (Intervista di Luca Giommi a Sergio Ponzio, curatore del Detour, per HaccaParlante)<\/span><\/span><\/a><\/p>\n<p><span style=\"font-size: 10pt; font-family: 'trebuchet ms', geneva, sans-serif;\"><strong>Per ulteriori informazioni, per conoscere i nostri progetti e per proporne di vostri, scriveteci a cinedetour@tiscali.it o visitate le nostre pagina social.<\/strong><\/span><\/p>\n<hr>\n<p><span style=\"font-family: 'trebuchet ms', geneva, sans-serif;\"><strong><span style=\"font-size: 10pt;\"> <a href=\"https:\/\/cinedetour.it\/wp-content\/uploads\/2015\/05\/altra-5x1000-detour.jpg\"><img loading=\"lazy\" decoding=\"async\" class=\"wp-image-5481\" src=\"https:\/\/cinedetour.it\/wp-content\/uploads\/2015\/05\/altra-5x1000-detour.jpg\" alt=\"altra-5x1000-detour\" width=\"364\" height=\"217\"><\/a><\/span><\/strong><\/span><\/p>\n<p><em><span style=\"font-size: 10pt; font-family: 'trebuchet ms', geneva, sans-serif;\">Alcuni dei progetti di promozione e inclusione sociale portati avanti nel corso degli anni:<\/span><\/em><\/p>\n<p><span style=\"font-family: 'trebuchet ms', geneva, sans-serif; font-size: 10pt;\"><strong>HERSTORIES. LE STORIE, PLURALE FEMMINILE.<\/strong> Racconti di donne dal passato, nel presente, verso il futuro (Progetto sostenuto da 8 per mille Chiesa Valdese \u2013 Unione delle Chiese metodiste e valdesi);<\/span><\/p>\n<p><span style=\"font-family: 'trebuchet ms', geneva, sans-serif; font-size: 10pt;\"><strong>POMERIGGI AL CINEMA E LABORATORI MUSICALI&nbsp;<br \/>\n<\/strong>Dal 2006, ogni marted\u00ec pomeriggio, Detour organizza proiezioni per gli utenti della coop sociale Cotrad onlus. Si tratta di gruppi di cittadini diversamente abili e normodotati che hanno trovato nel Detour il loro cinema, un luogo senza barriere architettoniche, un posto dove poter socializzare e comunicare. Il venerd\u00ec pomeriggio \u00e8 la volta del laboratorio di educazione al ritmo e percussioni per liberare &nbsp;energie individuali creative ed emozionali e convogliarle in un&#8217;esperienza musicale di gruppo;<\/span><\/p>\n<p><span style=\"font-size: 10pt; font-family: 'trebuchet ms', geneva, sans-serif;\"><strong>RAGAZZINVISIBILI.DOC &#8211; WOKSHOP di VIDEO PARTECIPATIVO e DOCUMENTARIO<br \/>\n<\/strong><\/span><span style=\"font-size: 10pt; font-family: 'trebuchet ms', geneva, sans-serif;\">Lo scopo del laboratorio, \u00e8 quello di sviluppare nei partecipanti le basi per una riflessione sul linguaggio audiovisivo e una conoscenza delle sue tecniche basilari, attraverso visione e commento di materiali audiovisivi, dimostrazioni pratiche di utilizzo della videocamera ed esercitazioni di ripresa nel corso di uscite di gruppo nel territorio del quartiere;&nbsp;<\/span><\/p>\n<p><span style=\"font-family: 'trebuchet ms', geneva, sans-serif; font-size: 10pt;\"><strong>CINEMAMME &nbsp;<br \/>\n<\/strong>Proiezioni cinematografiche mattutine dedicate alle future mamme e alle neo-mamme con il proprio bambino, con accorgimenti tecnici voti a favorire il relax di entrambi, la socialit\u00e0, la piena accessibilit\u00e0 ai servizi, la possibilit\u00e0 di allattare e di cambiare il pannolino;<\/span><\/p>\n<p><span style=\"font-family: 'trebuchet ms', geneva, sans-serif; font-size: 10pt;\"><strong>CINEBIMBI e CINETEENS<\/strong><\/span><\/p>\n<p><span style=\"font-family: 'trebuchet ms', geneva, sans-serif; font-size: 10pt;\"><strong>VISIONI IN VOICE OVER il cinema commentato per i non udenti<br \/>\n<\/strong>Il progetto nasce dall\u2019incontro di alcuni testardi amanti del cinema e una socia dell\u2019unione Italiana dei ciechi e ipovedenti. All&#8217;audio dei film proposti nella rassegna \u00e8 stato unito un commento vocale, scritto da una persona non vedente, per aiutare la comprensione dei tempi muti. Una stimolante fusione di immagini e suoni. Un servizio navetta si occupa di organizzare il trasporto al cinema e di riaccompagnare gli utenti al termine della proiezione;<\/span><\/p>\n<p><span style=\"font-family: 'trebuchet ms', geneva, sans-serif; font-size: 10pt;\"><strong>CINECLUB ASPERGER \u201cio speriamo che me la cavo!\u201d<br \/>\n<\/strong>Detour diventa il cineclub dei giovani Asperger romani. La <strong>sindrome di Asperger<\/strong> (abbreviata in <strong>SA<\/strong>, o <strong>AS<\/strong> in inglese) \u00e8 un disordine pervasivo dello sviluppo imparentato con l&#8217;autismo e comunemente considerato una forma di autismo &#8220;ad alto funzionamento&#8221;. In generale si ritiene che si tratti di un tipo di autismo caratterizzato dalla difficolt\u00e0 nelle relazioni sociali piuttosto che da un&#8217;alterazione della percezione, rappresentazione e classificazione della realt\u00e0, come nell&#8217;autismo classico;<\/span><\/p>\n<p><span style=\"font-size: 10pt; font-family: 'trebuchet ms', geneva, sans-serif;\"><strong>\u201cSUPER-OTTO\u201d: SUPERARE LE DIVERSIT\u00c0 IN OTTO FILM<\/strong>&nbsp;<br \/>\nIn collaborazione con l\u2019associazione Italiana Persone Down e con la Regione Lazio. Un percorso di conoscenza e confronto, articolato in otto film, sui temi legati alle diversit\u00e0, alle disabilit\u00e0 e, pi\u00f9 in generale, alle disomogeneit\u00e0 presenti nel tessuto sociale contemporaneo, con uno spazio di discussione e dibattito alla fine di ogni proiezione;<\/span><\/p>\n<p><span style=\"font-family: 'trebuchet ms', geneva, sans-serif; font-size: 10pt;\"><strong>AS FILM FESTIVAL<br \/>\n<\/strong>Nella cornice della sala cinema del MAXXI si e\u2019 svolta il 16 giugno 2013 la prima edizione di Asperger Film Festival, festival di cinema ideato, organizzato, promosso e presentato da ragazzi autistici affetti dalla sindrome di Asperger coordinati da Detour;<\/span><\/p>\n<p style=\"text-align: justify;\">&nbsp;<\/p>\n<\/div>\n<\/div>\n<\/div>\n<div style=\"text-align: justify;\">\n<div dir=\"ltr\">\n<div style=\"text-align: center;\">\n<div dir=\"ltr\">\n<hr>\n<\/div>\n<div dir=\"ltr\">\n<table style=\"height: 18px; width: 676px;\">\n<tbody>\n<tr style=\"height: 20px;\">\n<td style=\"width: 28.6px; height: 20px; text-align: left;\"><a href=\"https:\/\/cinedetour.it\/wp-content\/uploads\/2013\/10\/LOGOTONDO_ombra.png\"><img loading=\"lazy\" decoding=\"async\" class=\"aligncenter wp-image-1217\" src=\"https:\/\/cinedetour.it\/wp-content\/uploads\/2013\/10\/LOGOTONDO_ombra-150x150.png\" alt=\"LOGOTONDO_ombra\" width=\"33\" height=\"33\" srcset=\"https:\/\/cinedetour.it\/wp-content\/uploads\/2013\/10\/LOGOTONDO_ombra-150x150.png 150w, https:\/\/cinedetour.it\/wp-content\/uploads\/2013\/10\/LOGOTONDO_ombra.png 179w\" sizes=\"(max-width: 33px) 100vw, 33px\" \/><\/a><\/td>\n<td style=\"width: 644.4px; height: 20px; text-align: left;\"><span style=\"font-family: 'trebuchet ms', geneva, sans-serif; font-size: 18pt;\">DETOUR<\/span><\/td>\n<\/tr>\n<tr style=\"height: 20.8px;\">\n<td style=\"width: 673px; height: 20.8px; text-align: left;\" colspan=\"2\"><span style=\"font-family: 'trebuchet ms', geneva, sans-serif; font-size: 8pt;\">Cinema | Corsi e laboratori | Esposizioni | attivit\u00e0 per bambini | Cinebar | Musica | Distribuzione indipendente<\/span><\/td>\n<\/tr>\n<\/tbody>\n<\/table>\n<p style=\"text-align: left;\"><span style=\"font-size: 8pt;\"><span style=\"font-family: 'trebuchet ms', geneva, sans-serif;\">Associazione Culturale Detour &#8211; Via Urbana 107 Roma <a href=\"http:\/\/www.cinedetour.it\">www.cinedetour.it<\/a>&#8211; <a href=\"cinedetour@tiscali.it\">cinedetour@tiscali.it<br \/>\n<\/a>Ingresso con tessera annuale 5 euro + quota partecipativa. Pre-tesseramento <a href=\"https:\/\/cinedetour.it\/tesseramento\/\">QUI<\/a>.&nbsp;<a href=\"cinedetour@tiscali.it\"><br \/>\n<\/a><\/span><span style=\"font-family: 'trebuchet ms', geneva, sans-serif;\">Detour \u00e8 affiliato all&#8217;ASSO.N.A.M. e alla FICC (Federazione Italiana Circoli Cinema)<br \/>\n&#8212;<br \/>\n<span style=\"font-family: 'trebuchet ms', geneva, sans-serif; font-size: 8pt;\">Detour segue le prassi ANTI-COVID necessarie per la salute di tutte e tutti noi.<\/span><br \/>\n<span style=\"font-family: 'trebuchet ms', geneva, sans-serif; font-size: 8pt;\">Richiesta d&#8217;obbligo la mascherina, la pulizia delle mani, e il distanziamento di almeno un metro all&#8217;interno degli spazi dell&#8217;Associazione. <br \/>\nConfidiamo nel vostro buon senso e nel rispetto di tutte e tutti. Grazie!<\/span><br \/>\n<\/span><\/span><\/p>\n<p style=\"text-align: left;\"><span style=\"font-size: 8pt;\"><span style=\"font-family: 'trebuchet ms', geneva, sans-serif;\"><a href=\"https:\/\/cinedetour.it\/crowdfunding-sostienici\/\" target=\"_blank\" rel=\"noopener noreferrer\">Sostienici<\/a> \/ <em><a href=\"https:\/\/cinedetour.it\/crowdfunding-sostienici\/\" target=\"_blank\" rel=\"noopener noreferrer\">Support Us<br \/>\n<\/a><\/em><\/span><span style=\"font-family: 'trebuchet ms', geneva, sans-serif;\">Seguici su \/ <em>Follow us on:<\/em><\/span><\/span><\/p>\n<table style=\"width: 122.4px; height: 40px;\">\n<tbody>\n<tr>\n<td style=\"width: 34px;\"><a href=\"http:\/\/www.facebook.com\/cineclub.detour\"><img loading=\"lazy\" decoding=\"async\" class=\"alignnone size-full wp-image-32\" title=\"facebook_logo_s\" src=\"https:\/\/cinedetour.it\/wp-content\/uploads\/2013\/01\/facebook_logo_s1.jpg\" alt=\"\" width=\"31\" height=\"31\"><\/a><\/td>\n<td style=\"width: 34px;\"><a href=\"https:\/\/twitter.com\/#!\/CineclubDetour\"><img loading=\"lazy\" decoding=\"async\" class=\"alignnone size-full wp-image-33\" title=\"Twitter2\" src=\"https:\/\/cinedetour.it\/wp-content\/uploads\/2013\/01\/Twitter21.jpg\" alt=\"\" width=\"30\" height=\"30\"><\/a><\/td>\n<td style=\"width: 35.4px;\"><a href=\"http:\/\/www.youtube.com\/user\/CineclubDetour?feature=watch\"><img loading=\"lazy\" decoding=\"async\" class=\"alignnone size-full wp-image-34\" title=\"youtube_logo\" src=\"https:\/\/cinedetour.it\/wp-content\/uploads\/2013\/01\/youtube_logo.jpg\" alt=\"\" width=\"31\" height=\"30\"><\/a><\/td>\n<\/tr>\n<\/tbody>\n<\/table>\n<p style=\"text-align: justify;\">&nbsp;<\/p>\n<\/div>\n<\/div>\n<\/div>\n<\/div>\n","protected":false},"excerpt":{"rendered":"<p>Per destinare il proprio 5X1000 al DETOUR basta inserire il codice fiscale dell&#8217;associazione: 96331750586 Il campo da compilare sulla vostra dichiarazione dei redditi \u00e8 il primo, quello relativo alle associazioni di volontariato e onlus. Illustrazione di Cristina Nist. Alcuni dei personaggi sono tratti dalle illustrazioni realizzate in precedenza per Orientalia Editrice. &nbsp; Detour \u00e8 stato [&hellip;]<\/p>\n","protected":false},"author":2,"featured_media":18148,"parent":0,"menu_order":0,"comment_status":"closed","ping_status":"closed","template":"","meta":{"pgc_meta":"","ngg_post_thumbnail":0,"footnotes":""},"translation":{"provider":"WPGlobus","version":"2.8.11","language":"en","enabled_languages":["it","en"],"languages":{"it":{"title":true,"content":true,"excerpt":false},"en":{"title":false,"content":false,"excerpt":false}}},"pgc_meta":"","publishpress_future_action":{"enabled":false,"date":"2026-04-07 14:56:06","action":"change-status","newStatus":"draft","terms":[],"taxonomy":""},"_links":{"self":[{"href":"https:\/\/cinedetour.it\/en\/wp-json\/wp\/v2\/pages\/18151"}],"collection":[{"href":"https:\/\/cinedetour.it\/en\/wp-json\/wp\/v2\/pages"}],"about":[{"href":"https:\/\/cinedetour.it\/en\/wp-json\/wp\/v2\/types\/page"}],"author":[{"embeddable":true,"href":"https:\/\/cinedetour.it\/en\/wp-json\/wp\/v2\/users\/2"}],"replies":[{"embeddable":true,"href":"https:\/\/cinedetour.it\/en\/wp-json\/wp\/v2\/comments?post=18151"}],"version-history":[{"count":5,"href":"https:\/\/cinedetour.it\/en\/wp-json\/wp\/v2\/pages\/18151\/revisions"}],"predecessor-version":[{"id":18155,"href":"https:\/\/cinedetour.it\/en\/wp-json\/wp\/v2\/pages\/18151\/revisions\/18155"}],"wp:featuredmedia":[{"embeddable":true,"href":"https:\/\/cinedetour.it\/en\/wp-json\/wp\/v2\/media\/18148"}],"wp:attachment":[{"href":"https:\/\/cinedetour.it\/en\/wp-json\/wp\/v2\/media?parent=18151"}],"curies":[{"name":"wp","href":"https:\/\/api.w.org\/{rel}","templated":true}]}}