{"id":18337,"date":"2021-05-24T19:41:48","date_gmt":"2021-05-24T18:41:48","guid":{"rendered":"https:\/\/cinedetour.it\/?page_id=18337"},"modified":"2021-07-14T15:16:50","modified_gmt":"2021-07-14T14:16:50","slug":"i-miei-quartieri-cinema-nel-parco-2021-video","status":"publish","type":"page","link":"https:\/\/cinedetour.it\/en\/i-miei-quartieri-cinema-nel-parco-2021-video\/","title":{"rendered":"I miei quartieri: CINEMA NEL PARCO 2020"},"content":{"rendered":"<div style=\"padding: 56.25% 0 0 0; position: relative;\"><iframe style=\"position: absolute; top: 0; left: 0; width: 100%; height: 100%;\" title=\"ecchice!\" src=\"https:\/\/player.vimeo.com\/video\/564134553?badge=0&amp;autopause=0&amp;player_id=0&amp;app_id=58479\" allowfullscreen=\"allowfullscreen\" frameborder=\"0\"><\/iframe><\/div>\n<p><script src=\"https:\/\/player.vimeo.com\/api\/player.js\"><\/script><\/p>\n<div dir=\"auto\">&nbsp;<\/div>\n<div dir=\"auto\">&nbsp;<\/div>\n<div class=\"kvgmc6g5 cxmmr5t8 oygrvhab hcukyx3x c1et5uql ii04i59q\">\n<div dir=\"auto\"><span style=\"font-family: 'trebuchet ms', geneva, sans-serif; font-size: 36pt;\">I MIEI QUARTIERI <\/span><span style=\"font-family: 'trebuchet ms', geneva, sans-serif; font-size: 18pt;\">CINEMA NEL PARCO 2020<\/span><\/div>\n<div dir=\"auto\">&nbsp;<\/div>\n<div dir=\"auto\"><span style=\"font-family: 'trebuchet ms', geneva, sans-serif; font-size: 10pt;\">Ministero dell&#8217;Istruzione Ministero della cultura<\/span><\/div>\n<div dir=\"auto\"><span style=\"font-family: 'trebuchet ms', geneva, sans-serif; font-size: 10pt;\">Cinema per la Scuola &#8211; I progetti delle e per le scuole<\/span><\/div>\n<\/div>\n<div dir=\"auto\">\n<div class=\"o9v6fnle cxmmr5t8 oygrvhab hcukyx3x c1et5uql ii04i59q\">\n<div dir=\"auto\">&nbsp;<\/div>\n<div dir=\"auto\"><span style=\"font-size: 10pt; font-family: 'trebuchet ms', geneva, sans-serif;\">Dopo l&#8217;edizione 2019\/2020 conclusa nel centenario di Garbatella, si rinnova la collaborazione con IC Via Padre Semeria, l&#8217;associazione genitori Scuola Libera Tutti <\/span><span style=\"font-size: 10pt; font-family: 'trebuchet ms', geneva, sans-serif;\">e le fantastiche guide di APPasseggio (associazione GoTellGo).<\/span><\/div>\n<div dir=\"auto\">&nbsp;<\/div>\n<\/div>\n<div class=\"o9v6fnle cxmmr5t8 oygrvhab hcukyx3x c1et5uql ii04i59q\">\n<div dir=\"auto\"><span style=\"font-size: 10pt; font-family: 'trebuchet ms', geneva, sans-serif;\">I MIEI QUARTIERI ha coinvolto le classi della scuola secondaria e quelle della scuola primaria dell\u2019Istituto.<\/span><\/div>\n<\/div>\n<div class=\"o9v6fnle cxmmr5t8 oygrvhab hcukyx3x c1et5uql ii04i59q\">\n<div dir=\"auto\"><span style=\"font-size: 10pt; font-family: 'trebuchet ms', geneva, sans-serif;\">Con le classi della scuola media abbiamo costruito un percorso di approfondimento dedicato alla street art, arte di riqualificazione urbana che tanto spazio e visibilit\u00e0 ha trovato nel Municipio Roma VIII. Siamo partiti con la visione di sequenze di film e documentari dedicati alla street art; abbiamo creato una classe virtuale allargata sulla piattaforma Edmodo; abbiamo prodotto una video passeggiata virtuale dal Gazometro a Tor Marancia, guidati dalle voci di Maria Teresa Natale e Priscilla Polidori dell&#8217;associazione GoTellGo (APPasseggio) e con il montaggio di Franco Angeli; abbiamo prodotto anche una video lezione di storia della street art a cura di Ornella Vaiani e un tutorial su come realizzare brevi video con il proprio smartphone a cura di Tiziana Cristiano. Infine, divisi in gruppi, ragazze e ragazzi hanno scelto un\u2019opera tra i tanti murali presenti sul territorio e sono scesi in strada&nbsp; alla loro scoperta<\/span><\/div>\n<div dir=\"auto\">&nbsp;<\/div>\n<div dir=\"auto\"><span style=\"font-size: 10pt; font-family: 'trebuchet ms', geneva, sans-serif;\">Ecchice! \u00e8 il video collage prodotto da Detour APS con il montaggio di Sergio Ponzio che racconta il risultato di questa esperienza. Parafrasando il titolo dell&#8217;opera dedicata a Victor Cavallo in via Guglielmo Massaia, Ecchime!, abbiamo voluto sottolineare quanto fosse importante per tutte e tutti loro esserci, essere fuori, insieme, in gruppo, a fare esperienze; lontani dagli schermi, dalle camere, dalle case. Finalmente in strada, da sole e da soli, a guardarsi intorno, a domandare, a intervistare artiste e persone comuni, a creare con la loro curiosit\u00e0, le loro idee; e il loro punto di vista di chi non ha mai conosciuto un mondo, una citt\u00e0, un quartiere senza street art. Ri-uscire in questo \u00e8 stato un percorso lungo e faticoso, ma, insieme alla scuola e ai docenti, ce l&#8217;abbiamo fatta e, finalmente, eccoli, &#8220;Ecchice!&#8221;. <\/span><\/div>\n<div dir=\"auto\">&nbsp;<\/div>\n<div dir=\"auto\"><a href=\"https:\/\/vimeo.com\/channels\/imieiquartieri\"><span style=\"font-size: 10pt; font-family: 'trebuchet ms', geneva, sans-serif;\">https:\/\/vimeo.com\/channels\/imieiquartieri&nbsp; <\/span><\/a><\/div>\n<div dir=\"auto\"><span style=\"font-size: 10pt; font-family: 'trebuchet ms', geneva, sans-serif;\">All&#8217;interno del canale Vimeo dedicato al progetto e creato per l&#8217;occasione da Detour potrete trovare i singoli video realizzati dalle classi.<br \/>\n<\/span><\/div>\n<div dir=\"auto\">&nbsp;<\/div>\n<\/div>\n<div dir=\"auto\">&nbsp;<\/div>\n<div class=\"o9v6fnle cxmmr5t8 oygrvhab hcukyx3x c1et5uql ii04i59q\">\n<div dir=\"auto\">&nbsp;<\/div>\n<\/div>\n<\/div>\n<div dir=\"auto\"><span style=\"font-family: 'trebuchet ms', geneva, sans-serif; font-size: 10pt;\">Coordinatore e responsabile &gt; Daniele Lupi<br \/>\nComunicazione &gt; Cristina Nistic\u00f2<\/span><\/div>\n<div class=\"o9v6fnle cxmmr5t8 oygrvhab hcukyx3x c1et5uql ii04i59q\">\n<div dir=\"auto\"><span style=\"font-family: 'trebuchet ms', geneva, sans-serif; font-size: 10pt;\">Video collage &gt; Sergio Ponzio<\/span><\/div>\n<div dir=\"auto\">&nbsp;<\/div>\n<div dir=\"auto\"><span style=\"font-family: 'trebuchet ms', geneva, sans-serif; font-size: 10pt;\">Partner di Progetto: Detour APS<\/span><span style=\"font-family: 'trebuchet ms', geneva, sans-serif; font-size: 10pt;\">&nbsp;<a class=\"oajrlxb2 g5ia77u1 qu0x051f esr5mh6w e9989ue4 r7d6kgcz rq0escxv nhd2j8a9 nc684nl6 p7hjln8o kvgmc6g5 cxmmr5t8 oygrvhab hcukyx3x jb3vyjys rz4wbd8a qt6c0cv9 a8nywdso i1ao9s8h esuyzwwr f1sip0of lzcic4wl py34i1dx gpro0wi8\" tabindex=\"0\" role=\"link\" href=\"https:\/\/l.facebook.com\/l.php?u=http%3A%2F%2Fwww.cinedetour.it%2F%3Ffbclid%3DIwAR0Pn225rKsY1gBjXgpVU6w1XRklMXO32wQeYKsZjhyH34C-pQgpp1gjuoI&amp;h=AT3iO1KtQJXRXuKCZmTysAm6P7N9ozEjnW0EuBCsOu-Ux48N26E1gUm7nXULxVhfPcxIfMQmF1yWVTTp7eZT7J_6VoFzSFLsa4jR5xn4U7YQ1rcMMxdOxB6J3y8d_ujAgwSnXdyEMQ&amp;__tn__=-UK-R&amp;c[0]=AT2W_WI9epn1ufHSPk8Ym28qtkqTKFNE3_Mws7bEWn-gXu0i9Nr7KHIBMFZfdK66bFcoVTwyMewl8milhIwvRv7qc01SjSvjJV5JTafkcQmxGov3GO6N7zwelMipw_TNpPaMPp1UFqnAFBZqMbLsjI5sQdKH8jIzRvok_2rdr8azSL308gT-qT6F6v-5eZOTp9cTNRrJcegl3iQ\" target=\"_blank\" rel=\"nofollow noopener\">www.cinedetour.it <\/a><\/span><\/div>\n<div dir=\"auto\"><span style=\"font-family: 'trebuchet ms', geneva, sans-serif; font-size: 10pt;\">FB CineDetour<\/span><\/div>\n<div dir=\"auto\">\n<div>&nbsp;<\/div>\n<\/div>\n<\/div>\n<div class=\"o9v6fnle cxmmr5t8 oygrvhab hcukyx3x c1et5uql ii04i59q\">\n<div dir=\"auto\"><span style=\"font-family: 'trebuchet ms', geneva, sans-serif; font-size: 10pt;\">Associazione Genitori <\/span><span style=\"font-family: 'trebuchet ms', geneva, sans-serif; font-size: 10pt;\">ScuolaLiberaTutti<\/span><span style=\"font-family: 'trebuchet ms', geneva, sans-serif; font-size: 10pt;\"> <a class=\"oajrlxb2 g5ia77u1 qu0x051f esr5mh6w e9989ue4 r7d6kgcz rq0escxv nhd2j8a9 nc684nl6 p7hjln8o kvgmc6g5 cxmmr5t8 oygrvhab hcukyx3x jb3vyjys rz4wbd8a qt6c0cv9 a8nywdso i1ao9s8h esuyzwwr f1sip0of lzcic4wl py34i1dx gpro0wi8\" tabindex=\"0\" role=\"link\" href=\"https:\/\/l.facebook.com\/l.php?u=https%3A%2F%2Fwww.scuolaliberatutti%2F%3Ffbclid%3DIwAR12EAEIbilnf8trxT71esTrp9O6pAn3dezEtASR5P6XRvZfGbLdOjTjOA8&amp;h=AT3yLfKYIqmJG_TAQwz-h2fGS03zhMAQgD8AfzKwiEqlknRh_GvvEPGnbUxyXetJyVEUtOonxpBoiCQKoz1Phnupmj4un8pPXGIeORlJN2jlP0M2-dyysemXvCB5bd39mMYigV6dcw&amp;__tn__=-UK-R&amp;c[0]=AT2W_WI9epn1ufHSPk8Ym28qtkqTKFNE3_Mws7bEWn-gXu0i9Nr7KHIBMFZfdK66bFcoVTwyMewl8milhIwvRv7qc01SjSvjJV5JTafkcQmxGov3GO6N7zwelMipw_TNpPaMPp1UFqnAFBZqMbLsjI5sQdKH8jIzRvok_2rdr8azSL308gT-qT6F6v-5eZOTp9cTNRrJcegl3iQ\" target=\"_blank\" rel=\"nofollow noopener\">https:\/\/www.scuolaliberatutti.<\/a><\/span><\/div>\n<div dir=\"auto\"><span style=\"font-family: 'trebuchet ms', geneva, sans-serif; font-size: 10pt;\">FB ScuolaLiberaTutti<\/span><\/div>\n<div dir=\"auto\">&nbsp;<\/div>\n<div dir=\"auto\"><span style=\"font-family: 'trebuchet ms', geneva, sans-serif; font-size: 10pt;\">Associazione GoTellGo <\/span><span style=\"font-family: 'trebuchet ms', geneva, sans-serif; font-size: 10pt;\"><a class=\"oajrlxb2 g5ia77u1 qu0x051f esr5mh6w e9989ue4 r7d6kgcz rq0escxv nhd2j8a9 nc684nl6 p7hjln8o kvgmc6g5 cxmmr5t8 oygrvhab hcukyx3x jb3vyjys rz4wbd8a qt6c0cv9 a8nywdso i1ao9s8h esuyzwwr f1sip0of lzcic4wl py34i1dx gpro0wi8\" tabindex=\"0\" role=\"link\" href=\"https:\/\/l.facebook.com\/l.php?u=http%3A%2F%2Fwww.appasseggio.it%2F%3Ffbclid%3DIwAR1XqVgQNBxkoDgdrOrK0kur92PTGYoQhLlBN4hXjtqIMne6BToPWbFbTQA&amp;h=AT3nU9pvHWhPC3kQNUXBsXPx5JAyQKhErqglr_2zy8eHPRJDaGrkZet7YEYUgsZTfWAVpbzMmADFy2dEn7LdblpNMbTcVd7m_QOx0qnRxxZWsi4No5MiPBPtbGzHM_5SfHj8-KncWA&amp;__tn__=-UK-R&amp;c[0]=AT2W_WI9epn1ufHSPk8Ym28qtkqTKFNE3_Mws7bEWn-gXu0i9Nr7KHIBMFZfdK66bFcoVTwyMewl8milhIwvRv7qc01SjSvjJV5JTafkcQmxGov3GO6N7zwelMipw_TNpPaMPp1UFqnAFBZqMbLsjI5sQdKH8jIzRvok_2rdr8azSL308gT-qT6F6v-5eZOTp9cTNRrJcegl3iQ\" target=\"_blank\" rel=\"nofollow noopener\">http:\/\/www.appasseggio.it\/<\/a><\/span><\/div>\n<div dir=\"auto\">\n<div class=\"nc684nl6\"><span style=\"font-family: 'trebuchet ms', geneva, sans-serif; font-size: 10pt;\">FB APPasseggio<\/span><\/div>\n<div>&nbsp;<\/div>\n<\/div>\n<\/div>\n<div class=\"o9v6fnle cxmmr5t8 oygrvhab hcukyx3x c1et5uql ii04i59q\">\n<div dir=\"auto\"><span style=\"font-family: 'trebuchet ms', geneva, sans-serif; font-size: 10pt;\">Con la collaborazione di Franco Angeli e Tiziana Cristiano.<\/span><\/div>\n<\/div>\n<div class=\"o9v6fnle cxmmr5t8 oygrvhab hcukyx3x c1et5uql ii04i59q\">\n<div dir=\"auto\"><span style=\"font-family: 'trebuchet ms', geneva, sans-serif; font-size: 10pt;\">&nbsp;<\/span><\/div>\n<div dir=\"auto\">&nbsp;<\/div>\n<\/div>\n","protected":false},"excerpt":{"rendered":"<p>&nbsp; &nbsp; I MIEI QUARTIERI CINEMA NEL PARCO 2020 &nbsp; Ministero dell&#8217;Istruzione Ministero della cultura Cinema per la Scuola &#8211; I progetti delle e per le scuole &nbsp; Dopo l&#8217;edizione 2019\/2020 conclusa nel centenario di Garbatella, si rinnova la collaborazione con IC Via Padre Semeria, l&#8217;associazione genitori Scuola Libera Tutti e le fantastiche guide di [&hellip;]<\/p>\n","protected":false},"author":2,"featured_media":18457,"parent":0,"menu_order":2,"comment_status":"closed","ping_status":"closed","template":"","meta":{"pgc_meta":"","ngg_post_thumbnail":0,"footnotes":""},"translation":{"provider":"WPGlobus","version":"2.8.11","language":"en","enabled_languages":["it","en"],"languages":{"it":{"title":true,"content":true,"excerpt":false},"en":{"title":false,"content":false,"excerpt":false}}},"pgc_meta":"","publishpress_future_action":{"enabled":false,"date":"2026-04-16 10:45:35","action":"change-status","newStatus":"draft","terms":[],"taxonomy":""},"_links":{"self":[{"href":"https:\/\/cinedetour.it\/en\/wp-json\/wp\/v2\/pages\/18337"}],"collection":[{"href":"https:\/\/cinedetour.it\/en\/wp-json\/wp\/v2\/pages"}],"about":[{"href":"https:\/\/cinedetour.it\/en\/wp-json\/wp\/v2\/types\/page"}],"author":[{"embeddable":true,"href":"https:\/\/cinedetour.it\/en\/wp-json\/wp\/v2\/users\/2"}],"replies":[{"embeddable":true,"href":"https:\/\/cinedetour.it\/en\/wp-json\/wp\/v2\/comments?post=18337"}],"version-history":[{"count":12,"href":"https:\/\/cinedetour.it\/en\/wp-json\/wp\/v2\/pages\/18337\/revisions"}],"predecessor-version":[{"id":18495,"href":"https:\/\/cinedetour.it\/en\/wp-json\/wp\/v2\/pages\/18337\/revisions\/18495"}],"wp:featuredmedia":[{"embeddable":true,"href":"https:\/\/cinedetour.it\/en\/wp-json\/wp\/v2\/media\/18457"}],"wp:attachment":[{"href":"https:\/\/cinedetour.it\/en\/wp-json\/wp\/v2\/media?parent=18337"}],"curies":[{"name":"wp","href":"https:\/\/api.w.org\/{rel}","templated":true}]}}